{"id":320,"date":"2017-09-02T18:43:21","date_gmt":"2017-09-02T16:43:21","guid":{"rendered":"http:\/\/localhost\/paepak\/?page_id=320"},"modified":"2026-01-07T11:40:52","modified_gmt":"2026-01-07T09:40:52","slug":"avaleht","status":"publish","type":"page","link":"http:\/\/www.paepak.ee\/","title":{"rendered":"Avaleht"},"content":{"rendered":"<p style=\"text-align: center;\"><span style=\"font-size: 20px; color: #000000; background-color: #ccffff; font-family: georgia, palatino, serif;\"><strong>Meie \u00a0<span style=\"color: #ff0000;\">Pae Perearstikeskus\u00a0<\/span> osutab perearstiabi Tallinnas Lasnam\u00e4e ja Kesklinna\u00a0piirkonnas meie nimistus olevatele inimestele.<\/strong><\/span><\/p>\n<p style=\"text-align: left;\"><span style=\"font-family: 'times new roman', times, serif; font-size: 16px;\"><span style=\"color: #0000ff;\"><span style=\"font-family: georgia, palatino, serif; color: #000000;\"><strong><span style=\"text-decoration: underline;\">Asume aadressil:<\/span><\/strong><\/span>\u00a0<\/span><\/span><\/p>\n<ul style=\"list-style-type: disc;\">\n<li style=\"text-align: left;\"><span style=\"font-size: 20px;\"><span style=\"font-family: 'times new roman', times, serif;\"><span style=\"color: #000000;\">13619, Punane 14a, Tallinn, tel. <span style=\"color: #ff0000;\">6215632<\/span><\/span><\/span><\/span><\/li>\n<li style=\"text-align: left;\"><span style=\"font-size: 20px; color: #000000;\"><span style=\"font-family: 'times new roman', times, serif;\">Meie juurde saab \u00fchistranspordiga: autobussid n\/n\u00a07;\u00a013; 31;\u00a050;\u00a0peatus <span style=\"text-decoration: underline;\">Punane.<\/span>\u00a0 <\/span><\/span><\/li>\n<\/ul>\n<p><span style=\"font-size: 16px; font-family: georgia, palatino, serif;\"><strong><span style=\"text-decoration: underline; color: #000000;\">Vastuv\u00f5tule registreerimine:<\/span><\/strong><\/span><\/p>\n<ul style=\"list-style-type: disc;\">\n<li><span style=\"font-size: 20px;\"><span style=\"font-family: 'times new roman', times, serif;\"><span style=\"color: #000000;\">Meie Perearstikekus t\u00f6\u00f6tavad \u00a0t\u00f6\u00f6p\u00e4eviti <span style=\"color: #ff0000;\">\u00a008:00-18:00.<\/span><\/span><\/span><\/span><\/li>\n<li><span style=\"font-size: 20px;\"><span style=\"font-family: 'times new roman', times, serif;\"><span style=\"color: #000000;\">Perearstid ja pere\u00f5ed v\u00f5tavad vastu aadressil Punane 14a, korrus 2, tuba 211.<\/span><\/span><\/span><\/li>\n<li><span style=\"font-size: 20px;\"><span style=\"font-family: 'times new roman', times, serif;\"><span style=\"color: #000000;\"><span style=\"text-decoration: underline;\">Anal\u00fc\u00fcse<\/span>(veri, uriin, v\u00e4ljaheide jt) saab anda protseduuride kabinetis igal t\u00f6\u00f6p\u00e4eval\u00a0<span style=\"color: #ff0000;\">08.00\u201312.00<\/span>. Reeglina tehakse anal\u00fc\u00fcsid t\u00fchja k\u00f5hu peale.\u00a0Patsiendi poolt toodud anal\u00fc\u00fcsid (uriin, v\u00e4ljaheide) tuleb kindlasti anda pere\u00f5e k\u00e4tte v\u00f5i kirjutada peale oma nimi.<\/span><\/span><\/span><\/li>\n<li><span style=\"font-size: 20px;\"><span style=\"font-family: 'times new roman', times, serif;\"><span style=\"color: #000000;\"><span style=\"color: #000000;\">Vastuv\u00f5tule registreerimine: tel.\u00a0<\/span><span style=\"color: #ff0000;\">6215632<\/span><strong><span style=\"color: #ff0000;\"><span style=\"color: #000000;\">,<\/span><\/span><\/strong><span style=\"color: #ff0000;\"><span style=\"color: #000000;\"> https:\/\/www.perearst24.ee <strong>\u00a0<\/strong><\/span><\/span><\/span><span style=\"color: #000000;\">v\u00f5i kohapeal.\u00a0<\/span><\/span><\/span><\/li>\n<li><span style=\"font-size: 20px;\"><span style=\"font-family: 'times new roman', times, serif;\"><span style=\"color: #000000;\">Korduvad retseptid ja tellimine: tel.<span style=\"color: #ff0000;\">\u00a06215632<span style=\"color: #000000;\">, https:\/\/www.perearst24.ee \u00a0v\u00f5i kohapeal.<\/span><\/span>\u00a0<\/span><\/span><\/span><\/li>\n<li><span style=\"font-size: 20px;\"><span style=\"font-family: 'times new roman', times, serif;\"><span style=\"color: #000000;\">Retseptide v\u00e4ljastamise aeg <span style=\"color: #ff0000;\">kuni 3.<\/span> t\u00f6\u00f6p\u00e4eva.<\/span><\/span><\/span><\/li>\n<\/ul>\n<p style=\"text-align: left;\"><span style=\"color: #000000;\">\u00a0<span style=\"text-decoration: underline; font-size: 16px; font-family: georgia, palatino, serif;\"><strong>Koduvisiidid:<\/strong><\/span><\/span><\/p>\n<ul>\n<li><span style=\"font-size: 20px;\"><span style=\"font-family: 'times new roman', times, serif; color: #333300;\"><span style=\"color: #000000;\">Koduvisiidid v\u00f5etakse vastu kuni kella<\/span>\u00a0<span style=\"color: #ff0000;\">12:00<\/span>.<\/span><\/span><\/li>\n<li><span style=\"font-size: 20px; color: #000000;\"><span style=\"font-family: 'times new roman', times, serif;\">Koduvisiidid teeme reeglina p\u00e4rast vastuv\u00f5tu l\u00f5ppemist v\u00f5i kokkulepel.<\/span><\/span><\/li>\n<li><span style=\"font-size: 20px;\"><span style=\"color: #333300; font-family: 'times new roman', times, serif;\"><span style=\"color: #000000;\">Koduvisiidi maksumus on<\/span>\u00a0<span style=\"color: #ff0000;\">5,00<\/span> <span style=\"color: #000000;\"><span style=\"color: #ff0000;\">\u20ac<\/span>.<\/span><\/span><\/span><\/li>\n<li><span style=\"font-size: 20px;\"><span style=\"color: #333300; font-family: 'times new roman', times, serif;\"><span style=\"color: #000000;\">T\u00f6\u00f6v\u00f5imetuspensiooni omavatele inimestele,rasedatele ja kuni kaheaastale lastele on<\/span> <span style=\"color: #000000;\">koduvisiidid<\/span><span style=\"font-family: georgia, palatino, serif;\">\u00a0<u><span style=\"color: #ff0000;\">tasuta<\/span>.<\/u><\/span>\u00a0<\/span><\/span><\/li>\n<\/ul>\n<p><span style=\"font-family: georgia, palatino, serif;\">\u00a0<span style=\"text-decoration: underline; color: #000000;\"><strong>Patsiendil on \u00f5igus esitada kaebusi\u00a0j\u00e4rgmises j\u00e4rjekorras:<\/strong><\/span><\/span><\/p>\n<ul>\n<li><span style=\"font-family: 'times new roman', times, serif; font-size: 20px; color: #000000;\">Juhatuse liikmele Pae perearstikeskuse.\u00a0<\/span><\/li>\n<li><span style=\"font-family: 'times new roman', times, serif; font-size: 20px; color: #000000;\">Terviskassasse: tel: <span style=\"color: #ff0000;\">669 6630<\/span>, <span style=\"color: #3366ff;\">info@tervisekassa.ee<\/span>, 10113, Lastekodu 48,\u00a0<\/span><span style=\"font-family: 'times new roman', times, serif; font-size: 20px; color: #000000;\">Tallinn\u00a0<\/span><\/li>\n<li><span style=\"font-family: 'times new roman', times, serif; font-size: 20px;\"><span style=\"color: #000000;\">Terviseametile: tel: <span style=\"color: #ff0000;\">794 3500<\/span>,<\/span>\u00a0<span style=\"color: #3366ff;\">info@terviseamet.ee<\/span><a href=\"mailto:info@terviseamet.ee\" target=\"_blank\" rel=\"noopener\"><span style=\"color: #000000;\">,<\/span><\/a><span style=\"color: #000000;\">\u00a0<\/span><span style=\"color: #000000;\">10614\u00a0<\/span><a href=\"mailto:info@terviseamet.ee\"><span style=\"color: #000000;\">,<\/span><\/a><span style=\"color: #000000;\">\u00a0Paldiski mnt 81, Tallinn<\/span>\u00a0<\/span><\/li>\n<\/ul>\n<p style=\"text-align: left;\"><span style=\"color: #00ccff; font-size: 24px; font-family: georgia, palatino, serif;\"><span style=\"color: #666699;\"><span style=\"color: #00ccff; font-size: 20px;\"><span style=\"color: #0000ff;\"><span style=\"color: #800080;\">\u00a0<span style=\"color: #000000;\">\u00a0<\/span><\/span><span style=\"text-decoration: underline; color: #800080; font-size: 16px;\"><span style=\"color: #000000; text-decoration: underline;\"><strong>Kasulik info:<\/strong><\/span>\u00a0<\/span><\/span><\/span><\/span><\/span><\/p>\n<ul style=\"list-style-type: disc;\">\n<li><span style=\"font-size: 20px;\"><span style=\"color: #000000; font-family: 'times new roman', times, serif;\">Perearsti n\u00f5uandetelefon:<\/span><span style=\"color: #800080; font-family: 'times new roman', times, serif;\"><span style=\"color: #ff0000;\">\u00a01220<\/span><\/span><\/span><\/li>\n<li><span style=\"font-size: 20px;\"><span style=\"color: #800080; font-family: 'times new roman', times, serif;\"><span style=\"color: #000000;\">Tallinna Lastehaigla n\u00f5uandetelefon:<\/span>\u00a0<span style=\"color: #ff0000;\">1599<\/span><\/span><\/span><\/li>\n<li><span style=\"font-size: 20px;\"><span style=\"font-family: 'times new roman', times, serif; color: #800080;\"><span style=\"color: #000000;\">Kutsuge kiirabi, kui teie seisund on t\u00f5sine ja n\u00f5uab kohest meditsiinilist sekkumist:<\/span>\u00a0<span style=\"color: #ff0000;\">112<\/span><\/span><\/span><\/li>\n<li><span style=\"font-family: 'times new roman', times, serif; color: #800080; font-size: 20px;\"><span style=\"color: #000000;\">\u00c4geda haigestumise puhul v\u00e4ljaspool meie t\u00f6\u00f6aega\u00a0 palun p\u00f6\u00f6rduda<\/span>\u00a0<span style=\"color: #ff0000;\">EMO<\/span><span style=\"color: #000000;\">(ERAKORRALISE<\/span> <span style=\"color: #000000;\">MEDITSIINI OSAKOND)\u00a0osakonda haiglasse:\u00a0<\/span> \u00a0<\/span><\/li>\n<li><span style=\"font-family: 'times new roman', times, serif; font-size: 14px;\"><strong>\u00a0 \u00a0 <span style=\"font-size: 16px;\">\u00a0<span style=\"font-family: georgia, palatino, serif; color: #3366ff;\"> <a style=\"color: #3366ff;\" href=\"https:\/\/www.keskhaigla.ee\/\" target=\"_blank\" rel=\"noopener\">Tallinna Lastehaigla<\/a><\/span><\/span><span style=\"color: #000000; font-size: 16px; font-family: georgia, palatino, serif;\"><span style=\"color: #3366ff;\"><a style=\"color: #3366ff;\" href=\"https:\/\/www.keskhaigla.ee\/\" target=\"_blank\" rel=\"noopener\">\u00a0<\/a><\/span>\u2013\u00a0Tervise 28<\/span><\/strong><\/span><\/li>\n<li><span style=\"font-family: 'times new roman', times, serif;\">\u00a0 \u00a0 <span style=\"font-family: georgia, palatino, serif;\">\u00a0<span style=\"color: #3366ff;\">\u00a0<\/span><\/span><span style=\"color: #000000; font-family: georgia, palatino, serif; font-size: 16px;\"><strong><span style=\"color: #0000ff;\"><span style=\"color: #3366ff;\"><a style=\"color: #3366ff;\" href=\"https:\/\/www.keskhaigla.ee\/\" target=\"_blank\" rel=\"noopener\">L\u00e4\u00e4ne-Tallinna Keskhaigla<\/a><\/span>\u00a0<\/span>\u2013\u00a0Paldiski mnt.68<\/strong><\/span><\/span><\/li>\n<li><span style=\"font-family: 'times new roman', times, serif;\">\u00a0 \u00a0 \u00a0<span style=\"font-family: georgia, palatino, serif; color: #3366ff;\">\u00a0<\/span><span style=\"color: #000000; font-family: georgia, palatino, serif; font-size: 16px;\"><b><span style=\"color: #3366ff;\"><a style=\"color: #3366ff;\" href=\"https:\/\/www.regionaalhaigla.ee\/\" target=\"_blank\" rel=\"noopener\">P\u00f5hja Eesti Regionaalhaigla<\/a>\u00a0<\/span>\u2013\u00a0J.S\u00fctiste tee 19<\/b><\/span><\/span><\/li>\n<li><span style=\"font-family: 'times new roman', times, serif;\">\u00a0 \u00a0 \u00a0<span style=\"color: #000000; font-family: georgia, palatino, serif; font-size: 16px;\"><span style=\"color: #3366ff;\">\u00a0<\/span><strong><span style=\"color: #33cccc;\"><span style=\"color: #3366ff;\"><a style=\"color: #3366ff;\" href=\"https:\/\/www.itk.ee\/\" target=\"_blank\" rel=\"noopener\">Ida-Tallinna Keskhaigla<\/a><\/span>\u00a0<\/span>\u2013\u00a0Ravi tn. 18<\/strong><\/span><\/span><\/li>\n<\/ul>\n<h2 style=\"text-align: center;\"><span style=\"font-family: 'times new roman', times, serif;\"><span style=\"color: #ff0000; font-size: 20px;\"><strong>NB!<\/strong><\/span><span style=\"color: #ff0000;\"><span style=\"font-size: 20px;\">\u00a0<\/span><span style=\"font-size: 20px;\"><strong>EMO<\/strong><\/span><\/span><span style=\"color: #3366ff; font-size: 20px;\"><span style=\"color: #000000;\"><strong>-sse<\/strong><\/span> <span style=\"color: #000000;\">p\u00f6\u00f6rdumisel v\u00f5tke kaasa isikut t\u00f5endav dokument (ID-kaart, juhiluba v\u00f5i pass).\u00a0<\/span><\/span><\/span><\/h2>\n","protected":false},"excerpt":{"rendered":"<p>Meie \u00a0Pae Perearstikeskus\u00a0 osutab perearstiabi Tallinnas Lasnam\u00e4e ja Kesklinna\u00a0piirkonnas meie nimistus olevatele inimestele. Asume aadressil:\u00a0 13619, Punane 14a, Tallinn, tel. 6215632 Meie juurde saab \u00fchistranspordiga: autobussid n\/n\u00a07;\u00a013; 31;\u00a050;\u00a0peatus Punane.\u00a0 Vastuv\u00f5tule registreerimine: Meie Perearstikekus t\u00f6\u00f6tavad \u00a0t\u00f6\u00f6p\u00e4eviti \u00a008:00-18:00. Perearstid ja pere\u00f5ed v\u00f5tavad vastu aadressil Punane 14a, korrus 2, tuba 211. Anal\u00fc\u00fcse(veri, uriin, v\u00e4ljaheide jt) saab anda protseduuride [&hellip;]<\/p>\n","protected":false},"author":1,"featured_media":0,"parent":0,"menu_order":1,"comment_status":"closed","ping_status":"closed","template":"","meta":[],"_links":{"self":[{"href":"http:\/\/www.paepak.ee\/index.php?rest_route=\/wp\/v2\/pages\/320"}],"collection":[{"href":"http:\/\/www.paepak.ee\/index.php?rest_route=\/wp\/v2\/pages"}],"about":[{"href":"http:\/\/www.paepak.ee\/index.php?rest_route=\/wp\/v2\/types\/page"}],"author":[{"embeddable":true,"href":"http:\/\/www.paepak.ee\/index.php?rest_route=\/wp\/v2\/users\/1"}],"replies":[{"embeddable":true,"href":"http:\/\/www.paepak.ee\/index.php?rest_route=%2Fwp%2Fv2%2Fcomments&post=320"}],"version-history":[{"count":109,"href":"http:\/\/www.paepak.ee\/index.php?rest_route=\/wp\/v2\/pages\/320\/revisions"}],"predecessor-version":[{"id":1484,"href":"http:\/\/www.paepak.ee\/index.php?rest_route=\/wp\/v2\/pages\/320\/revisions\/1484"}],"wp:attachment":[{"href":"http:\/\/www.paepak.ee\/index.php?rest_route=%2Fwp%2Fv2%2Fmedia&parent=320"}],"curies":[{"name":"wp","href":"https:\/\/api.w.org\/{rel}","templated":true}]}}